{"id":1172,"date":"2025-04-26T10:15:16","date_gmt":"2025-04-26T08:15:16","guid":{"rendered":"https:\/\/sylwiajakubas.pl\/?page_id=1172"},"modified":"2025-05-21T11:48:54","modified_gmt":"2025-05-21T09:48:54","slug":"regulamin","status":"publish","type":"page","link":"https:\/\/sylwiajakubas.pl\/pl\/regulamin\/","title":{"rendered":"Regulamin"},"content":{"rendered":"\t\t<div data-elementor-type=\"wp-page\" data-elementor-id=\"1172\" class=\"elementor elementor-1172\" data-elementor-settings=\"{&quot;ha_cmc_init_switcher&quot;:&quot;no&quot;}\">\n\t\t\t\t<div class=\"elementor-element elementor-element-3f264b6 e-flex e-con-boxed wpr-particle-no wpr-jarallax-no wpr-parallax-no wpr-sticky-section-no e-con e-parent\" data-id=\"3f264b6\" data-element_type=\"container\" data-settings=\"{&quot;_ha_eqh_enable&quot;:false}\">\n\t\t\t\t\t<div class=\"e-con-inner\">\n\t\t\t\t<div class=\"elementor-element elementor-element-bf203f8 elementor-widget elementor-widget-spacer\" data-id=\"bf203f8\" data-element_type=\"widget\" data-widget_type=\"spacer.default\">\n\t\t\t\t<div class=\"elementor-widget-container\">\n\t\t\t\t\t\t\t<div class=\"elementor-spacer\">\n\t\t\t<div class=\"elementor-spacer-inner\"><\/div>\n\t\t<\/div>\n\t\t\t\t\t\t<\/div>\n\t\t\t\t<\/div>\n\t\t\t\t<div class=\"elementor-element elementor-element-15d5230 elementor-widget elementor-widget-text-editor\" data-id=\"15d5230\" data-element_type=\"widget\" data-widget_type=\"text-editor.default\">\n\t\t\t\t<div class=\"elementor-widget-container\">\n\t\t\t\t\t\t\t\t\t<p>REGULAMIN<\/p>\t\t\t\t\t\t\t\t<\/div>\n\t\t\t\t<\/div>\n\t\t\t\t\t<\/div>\n\t\t\t\t<\/div>\n\t\t<div class=\"elementor-element elementor-element-88169df e-flex e-con-boxed wpr-particle-no wpr-jarallax-no wpr-parallax-no wpr-sticky-section-no e-con e-parent\" data-id=\"88169df\" data-element_type=\"container\" data-settings=\"{&quot;_ha_eqh_enable&quot;:false}\">\n\t\t\t\t\t<div class=\"e-con-inner\">\n\t\t\t\t<div class=\"elementor-element elementor-element-f7fc796 elementor-widget elementor-widget-text-editor\" data-id=\"f7fc796\" data-element_type=\"widget\" data-widget_type=\"text-editor.default\">\n\t\t\t\t<div class=\"elementor-widget-container\">\n\t\t\t\t\t\t\t\t\t<ol>\n<li>Warunkiem uczestnictwa w szkoleniu jest wype\u0142nienie formularza zg\u0142oszeniowego online&nbsp; (link do strony z rejestracja na szkolenie)<\/li>\n<li>Otrzymanie przez Organizatora potwierdzenia zap\u0142aty w zwi\u0105zku z wype\u0142nionym formularzem zg\u0142oszeniowym jest r\u00f3wnoznaczne z zawarciem umowy pomi\u0119dzy <strong>Salon Fryzjerski Sylwia Jakubas<\/strong>, ul. Przedwio\u015bnie 2\/1a, 20-533 Lublin, NIP: 7171768875, REGON: 362614351, a Zamawiaj\u0105cym i oznacza akceptacj\u0119 niniejszego regulaminu.<\/li>\n<li>W ci\u0105gu 2 dni roboczych od otrzymania wype\u0142nionego formularza zg\u0142oszeniowego, Zamawiaj\u0105cy otrzyma drog\u0105 e-mail potwierdzenie wpisania na list\u0119 uczestnik\u00f3w wybranej us\u0142ugi. Na co najmniej 4 dni robocze przed terminem szkolenia Zamawiaj\u0105cy otrzyma oficjalne potwierdzenie uczestnictwa(zgodnie z zam\u00f3wieniem). W przypadku nieotrzymania potwierdzenia, prosimy o kontakt telefoniczny pod nr +48 726 312 633.<\/li>\n<li>Organizator zastrzega sobie prawo do odwo\u0142ania terminu szkolenia najp\u00f3\u017aniej na 4 dni przed planowan\u0105 dat\u0105 jego rozpocz\u0119cia, informuj\u0105c o tym Zamawiaj\u0105cego za po\u015brednictwem poczty elektronicznej. W przypadku skorzystania z powy\u017cszego prawa, Organizator nie ponosi odpowiedzialno\u015bci za jakiekolwiek koszty dodatkowe poniesione przez Zamawiaj\u0105cego, w tym w szczeg\u00f3lno\u015bci koszty zwi\u0105zane z rezerwacj\u0105 transportu lub noclegu dokonane przez Zamawiaj\u0105cego we w\u0142asnym zakresie i przed wskazanym terminem.<\/li>\n<li>Zamawiaj\u0105cy na podstawie otrzymanej faktury pro-forma, zobowi\u0105zany jest do dokonania op\u0142aty najp\u00f3\u017aniej na 7 dni roboczych przed rozpocz\u0119ciem szkolenia. Niewp\u0142acenie nie jest r\u00f3wnoznaczne z rezygnacj\u0105 ze szkolenia.<\/li>\n<li>Najp\u00f3\u017aniej 7 dni roboczych po zrealizowanym szkoleniu Salon Fryzjerski Sylwia Jakubas wystawi i prze\u015ble Zamawiaj\u0105cemu faktur\u0119 VAT.<\/li>\n<li>Bezkosztowa anulacja zam\u00f3wienia mo\u017ce nast\u0105pi\u0107 wy\u0142\u0105cznie w formie pisemnej, nie p\u00f3\u017aniej ni\u017c 7 dni roboczych przed rozpocz\u0119ciem us\u0142ugi. W\u00f3wczas Organizator zobowi\u0105zuje si\u0119 do zwrotu 100% op\u0142aconej kwoty. Po up\u0142ywie tego terminu Zamawiaj\u0105cy zobowi\u0105zuje si\u0119 pokry\u0107 100% warto\u015bci zam\u00f3wienia. Nieodwo\u0142anie zg\u0142oszenia powoduje obci\u0105\u017cenie pe\u0142nymi kosztami udzia\u0142u. Istnieje mo\u017cliwo\u015b\u0107 zmiany uczestnika szkolenia na innego pracownika firmy.<\/li>\n<li>W przypadku odwo\u0142ania szkolenia przez Organizatora, organizator zobowi\u0105zuje si\u0119 zwr\u00f3ci\u0107 pe\u0142n\u0105 wp\u0142acon\u0105 przez Zamawiaj\u0105cego kwot\u0119.<\/li>\n<li>Reklamacje na us\u0142ugi szkoleniowej przyjmowane s\u0105 pod adresem email <a href=\"mailto:biuroacademysjakubas@gmail.com\">biuroacademysjakubas@gmail.com<\/a>. Reklamacje rozpatrywane s\u0105 do 7 dni roboczych.<\/li>\n<li>Organizator zastrzega sobie prawo do zmian w programie szkolenia.<\/li>\n<li>Zwroty \u015brodk\u00f3w. W przypadku gdy szkolenie zostanie odwo\u0142ane lub uczestnik zrezygnuje z uczestnictwa (w terminie zezwalaj\u0105cym na zwrot \u015brodk\u00f3w wp\u0142aconych) zwrot \u015brodk\u00f3w na konto nast\u0119puje do 90 dni.<\/li><li>Klient, kt\u00f3ry zakupi\u0142 wybran\u0105 formu\u0142\u0119 szkoleniow\u0105, ma prawo do dokupienia zestawu narz\u0119dzi w takiej samej ilo\u015bci jak pierwotnie zakupiony zestaw, nie cz\u0119\u015bciej ni\u017c raz na 6 miesi\u0119cy, licz\u0105c od dnia zakupu szkolenia lub ostatniego zakupu zestawu narz\u0119dzi.<\/li><li>Nie ma mo\u017cliwo\u015bci wcze\u015bniejszego dokupowania pojedynczych narz\u0119dzi poza ustalonym harmonogramem.<\/li>\n<\/ol>\t\t\t\t\t\t\t\t<\/div>\n\t\t\t\t<\/div>\n\t\t\t\t\t<\/div>\n\t\t\t\t<\/div>\n\t\t\t\t<\/div>\n\t\t","protected":false},"excerpt":{"rendered":"<p>REGULAMIN Warunkiem uczestnictwa w szkoleniu jest wype\u0142nienie formularza zg\u0142oszeniowego online&nbsp; (link do strony z rejestracja na szkolenie) Otrzymanie przez Organizatora potwierdzenia zap\u0142aty w zwi\u0105zku z wype\u0142nionym formularzem zg\u0142oszeniowym jest r\u00f3wnoznaczne z zawarciem umowy pomi\u0119dzy Salon Fryzjerski Sylwia Jakubas, ul. Przedwio\u015bnie 2\/1a, 20-533 Lublin, NIP: 7171768875, REGON: 362614351, a Zamawiaj\u0105cym i oznacza akceptacj\u0119 niniejszego regulaminu. W ci\u0105gu 2 dni roboczych od otrzymania wype\u0142nionego formularza zg\u0142oszeniowego, Zamawiaj\u0105cy otrzyma drog\u0105 e-mail potwierdzenie wpisania na list\u0119 uczestnik\u00f3w wybranej us\u0142ugi. Na co najmniej 4 dni robocze przed terminem szkolenia Zamawiaj\u0105cy otrzyma oficjalne potwierdzenie uczestnictwa(zgodnie z zam\u00f3wieniem). W przypadku nieotrzymania potwierdzenia, prosimy o kontakt telefoniczny pod nr +48 726 312 633. Organizator zastrzega sobie prawo do odwo\u0142ania terminu szkolenia najp\u00f3\u017aniej na 4 dni przed planowan\u0105 dat\u0105 jego rozpocz\u0119cia, informuj\u0105c o tym Zamawiaj\u0105cego za po\u015brednictwem poczty elektronicznej. W przypadku skorzystania z powy\u017cszego prawa, Organizator nie ponosi odpowiedzialno\u015bci za jakiekolwiek koszty dodatkowe poniesione przez Zamawiaj\u0105cego, w tym w szczeg\u00f3lno\u015bci koszty zwi\u0105zane z rezerwacj\u0105 transportu lub noclegu dokonane przez Zamawiaj\u0105cego we w\u0142asnym zakresie i przed wskazanym terminem. Zamawiaj\u0105cy na podstawie otrzymanej faktury pro-forma, zobowi\u0105zany jest do dokonania op\u0142aty najp\u00f3\u017aniej na 7 dni roboczych przed rozpocz\u0119ciem szkolenia. Niewp\u0142acenie nie jest r\u00f3wnoznaczne z rezygnacj\u0105 ze szkolenia. Najp\u00f3\u017aniej 7 dni roboczych po zrealizowanym szkoleniu Salon Fryzjerski Sylwia Jakubas wystawi i prze\u015ble Zamawiaj\u0105cemu faktur\u0119 VAT. Bezkosztowa anulacja zam\u00f3wienia mo\u017ce nast\u0105pi\u0107 wy\u0142\u0105cznie w formie pisemnej, nie p\u00f3\u017aniej ni\u017c 7 dni roboczych przed rozpocz\u0119ciem us\u0142ugi. W\u00f3wczas Organizator zobowi\u0105zuje si\u0119 do zwrotu 100% op\u0142aconej kwoty. Po up\u0142ywie tego terminu Zamawiaj\u0105cy zobowi\u0105zuje si\u0119 pokry\u0107 100% warto\u015bci zam\u00f3wienia. Nieodwo\u0142anie zg\u0142oszenia powoduje obci\u0105\u017cenie pe\u0142nymi kosztami udzia\u0142u. Istnieje mo\u017cliwo\u015b\u0107 zmiany uczestnika szkolenia na innego pracownika firmy. W przypadku odwo\u0142ania szkolenia przez Organizatora, organizator zobowi\u0105zuje si\u0119 zwr\u00f3ci\u0107 pe\u0142n\u0105 wp\u0142acon\u0105 przez Zamawiaj\u0105cego kwot\u0119. Reklamacje na us\u0142ugi szkoleniowej przyjmowane s\u0105 pod adresem email biuroacademysjakubas@gmail.com. Reklamacje rozpatrywane s\u0105 do 7 dni roboczych. Organizator zastrzega sobie prawo do zmian w programie szkolenia. Zwroty \u015brodk\u00f3w. W przypadku gdy szkolenie zostanie odwo\u0142ane lub uczestnik zrezygnuje z uczestnictwa (w terminie zezwalaj\u0105cym na zwrot \u015brodk\u00f3w wp\u0142aconych) zwrot \u015brodk\u00f3w na konto nast\u0119puje do 90 dni. Klient, kt\u00f3ry zakupi\u0142 wybran\u0105 formu\u0142\u0119 szkoleniow\u0105, ma prawo do dokupienia zestawu narz\u0119dzi w takiej samej ilo\u015bci jak pierwotnie zakupiony zestaw, nie cz\u0119\u015bciej ni\u017c raz na 6 miesi\u0119cy, licz\u0105c od dnia zakupu szkolenia lub ostatniego zakupu zestawu narz\u0119dzi. Nie ma mo\u017cliwo\u015bci wcze\u015bniejszego dokupowania pojedynczych narz\u0119dzi poza ustalonym harmonogramem.<\/p>\n","protected":false},"author":3,"featured_media":0,"parent":0,"menu_order":0,"comment_status":"closed","ping_status":"open","template":"","meta":{"site-sidebar-layout":"default","site-content-layout":"","ast-site-content-layout":"","site-content-style":"default","site-sidebar-style":"default","ast-global-header-display":"","ast-banner-title-visibility":"","ast-main-header-display":"","ast-hfb-above-header-display":"","ast-hfb-below-header-display":"","ast-hfb-mobile-header-display":"","site-post-title":"","ast-breadcrumbs-content":"","ast-featured-img":"","footer-sml-layout":"","theme-transparent-header-meta":"","adv-header-id-meta":"","stick-header-meta":"","header-above-stick-meta":"","header-main-stick-meta":"","header-below-stick-meta":"","astra-migrate-meta-layouts":"default","ast-page-background-enabled":"default","ast-page-background-meta":{"desktop":{"background-color":"var(--ast-global-color-4)","background-image":"","background-repeat":"repeat","background-position":"center center","background-size":"auto","background-attachment":"scroll","background-type":"","background-media":"","overlay-type":"","overlay-color":"","overlay-opacity":"","overlay-gradient":""},"tablet":{"background-color":"","background-image":"","background-repeat":"repeat","background-position":"center center","background-size":"auto","background-attachment":"scroll","background-type":"","background-media":"","overlay-type":"","overlay-color":"","overlay-opacity":"","overlay-gradient":""},"mobile":{"background-color":"","background-image":"","background-repeat":"repeat","background-position":"center center","background-size":"auto","background-attachment":"scroll","background-type":"","background-media":"","overlay-type":"","overlay-color":"","overlay-opacity":"","overlay-gradient":""}},"ast-content-background-meta":{"desktop":{"background-color":"var(--ast-global-color-5)","background-image":"","background-repeat":"repeat","background-position":"center center","background-size":"auto","background-attachment":"scroll","background-type":"","background-media":"","overlay-type":"","overlay-color":"","overlay-opacity":"","overlay-gradient":""},"tablet":{"background-color":"var(--ast-global-color-5)","background-image":"","background-repeat":"repeat","background-position":"center center","background-size":"auto","background-attachment":"scroll","background-type":"","background-media":"","overlay-type":"","overlay-color":"","overlay-opacity":"","overlay-gradient":""},"mobile":{"background-color":"var(--ast-global-color-5)","background-image":"","background-repeat":"repeat","background-position":"center center","background-size":"auto","background-attachment":"scroll","background-type":"","background-media":"","overlay-type":"","overlay-color":"","overlay-opacity":"","overlay-gradient":""}},"footnotes":""},"class_list":["post-1172","page","type-page","status-publish","hentry"],"_links":{"self":[{"href":"https:\/\/sylwiajakubas.pl\/pl\/wp-json\/wp\/v2\/pages\/1172","targetHints":{"allow":["GET"]}}],"collection":[{"href":"https:\/\/sylwiajakubas.pl\/pl\/wp-json\/wp\/v2\/pages"}],"about":[{"href":"https:\/\/sylwiajakubas.pl\/pl\/wp-json\/wp\/v2\/types\/page"}],"author":[{"embeddable":true,"href":"https:\/\/sylwiajakubas.pl\/pl\/wp-json\/wp\/v2\/users\/3"}],"replies":[{"embeddable":true,"href":"https:\/\/sylwiajakubas.pl\/pl\/wp-json\/wp\/v2\/comments?post=1172"}],"version-history":[{"count":19,"href":"https:\/\/sylwiajakubas.pl\/pl\/wp-json\/wp\/v2\/pages\/1172\/revisions"}],"predecessor-version":[{"id":1240,"href":"https:\/\/sylwiajakubas.pl\/pl\/wp-json\/wp\/v2\/pages\/1172\/revisions\/1240"}],"wp:attachment":[{"href":"https:\/\/sylwiajakubas.pl\/pl\/wp-json\/wp\/v2\/media?parent=1172"}],"curies":[{"name":"wp","href":"https:\/\/api.w.org\/{rel}","templated":true}]}}